{"id":3474,"date":"2022-08-08T10:29:13","date_gmt":"2022-08-08T08:29:13","guid":{"rendered":"https:\/\/caltoncruset.com\/aviso-legal\/"},"modified":"2025-06-11T11:57:45","modified_gmt":"2025-06-11T09:57:45","slug":"aviso-legal","status":"publish","type":"page","link":"https:\/\/caltoncruset.com\/es\/aviso-legal\/","title":{"rendered":"Aviso legal"},"content":{"rendered":"<p>[et_pb_section fb_built=&#8221;1&#8243; _builder_version=&#8221;4.16&#8243; _module_preset=&#8221;default&#8221; global_colors_info=&#8221;{}&#8221;][et_pb_row _builder_version=&#8221;4.16&#8243; _module_preset=&#8221;default&#8221; global_colors_info=&#8221;{}&#8221;][et_pb_column type=&#8221;4_4&#8243; _builder_version=&#8221;4.16&#8243; _module_preset=&#8221;default&#8221; global_colors_info=&#8221;{}&#8221;][et_pb_text _builder_version=&#8221;4.27.0&#8243; _module_preset=&#8221;default&#8221; hover_enabled=&#8221;0&#8243; global_colors_info=&#8221;{}&#8221; sticky_enabled=&#8221;0&#8243;]El presente Aviso Legal regula las condiciones generales de acceso y utilizaci\u00f3n del sitio web accesible en la direcci\u00f3n URL www.caltoncruset.com (en adelante, el sitio web), que Cal Ton Cruset pone a disposici\u00f3n de los usuarios de Internet.<br \/>\nLa utilizaci\u00f3n del sitio web implica la aceptaci\u00f3n plena y sin reservas de todas y cada una de las disposiciones incluidas en este Aviso Legal. En consecuencia, el usuario del sitio web debe leer atentamente el presente Aviso Legal en cada una de las ocasiones en que se proponga utilizar la web, ya que el texto podr\u00eda sufrir modificaciones a criterio del titular de la web, o debido a un cambio legislativo, jurisprudencial o en la pr\u00e1ctica empresarial.<\/p>\n<p><strong>TITULARIDAD DEL SITIO WEB<\/strong><\/p>\n<p>H2O CABLE ESPORTS, SL<br \/>\nB65396418<br \/>\nAvenida del Canal Olimpic, 2<br \/>\n08860 Castelldefels<br \/>\n(Barcelona)<br \/>\ninfo@caltoncruset.com<\/p>\n<h2>OBJETO<\/h2>\n<p>El sitio web facilita a sus usuarios el acceso a informaci\u00f3n y servicios prestados por Cal Ton Cruset a aquellas personas u organizaciones interesadas en los mismos.<\/p>\n<h2>ACCESO Y UTILIZACI\u00d3N DE LA WEB.<\/h2>\n<p>Car\u00e1cter gratuito del acceso y utilizaci\u00f3n de la web.<br \/>\nEl acceso a la web tiene car\u00e1cter gratuito para sus usuarios.<br \/>\nRegistro de usuarios.<br \/>\nCon car\u00e1cter general el acceso y utilizaci\u00f3n de la web no exige la previa suscripci\u00f3n o registro de los usuarios de la misma.<\/p>\n<h2>CONTENIDOS DE LA WEB.<\/h2>\n<p>El idioma utilizado por el titular en la web ser\u00e1 el catal\u00e1n, el castellano, el ingl\u00e9s y el franc\u00e9s. Cal Ton Cruset no se responsabiliza de la no comprensi\u00f3n o entendimiento del idioma de la web por el usuario, ni de sus consecuencias.<br \/>\nCal Ton Cruset podr\u00e1 modificar los contenidos sin previo aviso, as\u00ed como suprimir y cambiar estos dentro de la web, como la forma en que se accede a \u00e9stos, sin justificaci\u00f3n alguna y libremente, no responsabiliz\u00e1ndose de las consecuencias que los mismos puedan ocasionar a los usuarios.<br \/>\nSe proh\u00edbe el uso de los contenidos de la web para promocionar, contratar o divulgar publicidad o informaci\u00f3n propia o de terceras personas sin la autorizaci\u00f3n de Cal Ton Cruset, ni remitir publicidad o informaci\u00f3n haciendo uso de los servicios o informaci\u00f3n que se ponen a disposici\u00f3n de los usuarios, independientemente de si la utilizaci\u00f3n es gratuita o no.<br \/>\nLos enlaces o hiperenlaces que incorporen terceros en sus p\u00e1ginas web, dirigidas a esta web, ser\u00e1n para la apertura de la p\u00e1gina web completa, sin poder manifestar, directa o indirectamente, indicaciones falsas, inexactas o confusas, ni incurrir en acciones desleales o il\u00edcitas en contra de Cal Ton Cruset.<\/p>\n<h2>LIMITACI\u00d3N DE RESPONSABILIDAD<\/h2>\n<p>Tanto el acceso a la web como el uso no consentido de que pueda efectuarse de su informaci\u00f3n que contenga es de la exclusiva responsabilidad de quien lo realiza. Cal Ton Cruset no responder\u00e1 de ninguna consecuencia, da\u00f1o o perjuicio que pueda derivarse de este acceso o uso. Cal Ton Cruset no se hace responsable de los errores de seguridad, que se puedan producir ni de los da\u00f1os que puedan causarse en el sistema inform\u00e1tico del usuario (hardware y software), o en los ficheros o documentos almacenados en el mismo, como consecuencia de:<br \/>\n\u2013 la presencia de un virus en el ordenador del usuario que sea utilizado para la conexi\u00f3n a los servicios y contenidos de la web,<br \/>\n\u2013 un mal funcionamiento del navegador,<br \/>\n\u2013 y\/o del uso de versiones no actualizadas del mismo.<br \/>\nCal Ton Cruset no se hace responsable de la fiabilidad y rapidez de los hiperv\u00ednculos que se incorporen a la web para la apertura de otros. Cal Ton Cruset no garantiza la utilidad de estos enlaces, ni se responsabiliza de los contenidos o servicios a los que pueda acceder el usuario por medio de estos enlaces, ni del buen funcionamiento de estas webs.<br \/>\nCal Ton Cruset no ser\u00e1 responsable de los virus u otros programas inform\u00e1ticos que deterioren o puedan deteriorar los sistemas o equipos inform\u00e1ticos de los usuarios al acceder a su web u otras webs a las que se haya accedido mediante enlaces de esta web.<\/p>\n<h2>PROPIEDAD INTELECTUAL E INDUSTRIAL.<\/h2>\n<p>Son propiedad de Cal Ton Cruset, todos los derechos de propiedad industrial e intelectual de la web, as\u00ed como de los contenidos que contiene. Cualquier uso de la web o sus contenidos deber\u00e1 tener un car\u00e1cter exclusivamente particular. Est\u00e1 reservado exclusivamente a Cal Ton Cruset, cualquier otro uso que suponga la copia, reproducci\u00f3n, distribuci\u00f3n, transformaci\u00f3n, comunicaci\u00f3n p\u00fablica o cualquier otra acci\u00f3n similar, de todo o parte de los contenidos de la web, por tanto, ning\u00fan otro usuario podr\u00e1 llevar a cabo estas acciones sin la autorizaci\u00f3n previa y por escrito de Cal Ton Cruset<\/p>\n<h2>POL\u00cdTICA DE PRIVACIDAD Y PROTECCI\u00d3N DE DATOS<\/h2>\n<p>Cal Ton Cruset garantiza la protecci\u00f3n y confidencialidad de los datos personales, de cualquier tipo que nos proporcionen los usuarios de acuerdo con lo que dispone la Ley Org\u00e1nica 15\/1999, de 13 de Diciembre de Protecci\u00f3n de Datos de Car\u00e1cter Personal.<br \/>\nTodos los datos facilitados por los usuarios a Cal Ton Cruset oa su personal, ser\u00e1n incluidos en un fichero automatizado de datos de car\u00e1cter personal creado y mantenido bajo[\/et_pb_text][\/et_pb_column][\/et_pb_row][\/et_pb_section]<\/p>\n","protected":false},"excerpt":{"rendered":"<p>El presente Aviso Legal regula las condiciones generales de acceso y utilizaci\u00f3n del sitio web accesible en la direcci\u00f3n URL www.caltoncruset.com (en adelante, el sitio web), que Cal Ton Cruset pone a disposici\u00f3n de los usuarios de Internet. La utilizaci\u00f3n del sitio web implica la aceptaci\u00f3n plena y sin reservas de todas y cada una [&hellip;]<\/p>\n","protected":false},"author":1,"featured_media":0,"parent":0,"menu_order":0,"comment_status":"closed","ping_status":"closed","template":"","meta":{"_et_pb_use_builder":"on","_et_pb_old_content":"","_et_gb_content_width":"","footnotes":""},"class_list":["post-3474","page","type-page","status-publish","hentry"],"_links":{"self":[{"href":"https:\/\/caltoncruset.com\/es\/wp-json\/wp\/v2\/pages\/3474","targetHints":{"allow":["GET"]}}],"collection":[{"href":"https:\/\/caltoncruset.com\/es\/wp-json\/wp\/v2\/pages"}],"about":[{"href":"https:\/\/caltoncruset.com\/es\/wp-json\/wp\/v2\/types\/page"}],"author":[{"embeddable":true,"href":"https:\/\/caltoncruset.com\/es\/wp-json\/wp\/v2\/users\/1"}],"replies":[{"embeddable":true,"href":"https:\/\/caltoncruset.com\/es\/wp-json\/wp\/v2\/comments?post=3474"}],"version-history":[{"count":3,"href":"https:\/\/caltoncruset.com\/es\/wp-json\/wp\/v2\/pages\/3474\/revisions"}],"predecessor-version":[{"id":4533,"href":"https:\/\/caltoncruset.com\/es\/wp-json\/wp\/v2\/pages\/3474\/revisions\/4533"}],"wp:attachment":[{"href":"https:\/\/caltoncruset.com\/es\/wp-json\/wp\/v2\/media?parent=3474"}],"curies":[{"name":"wp","href":"https:\/\/api.w.org\/{rel}","templated":true}]}}