{"id":687,"date":"2019-10-04T12:43:36","date_gmt":"2019-10-04T10:43:36","guid":{"rendered":"https:\/\/ctc.dms3labs.cat\/aviso-legal-politica-de-cookies\/"},"modified":"2022-08-08T08:26:44","modified_gmt":"2022-08-08T06:26:44","slug":"aviso-legal-politica-de-cookies","status":"publish","type":"page","link":"https:\/\/caltoncruset.com\/es\/aviso-legal-politica-de-cookies\/","title":{"rendered":"Pol\u00edtica de cookies"},"content":{"rendered":"<p>[et_pb_section fb_built=&#8221;1&#8243; _builder_version=&#8221;3.26.6&#8243; global_colors_info=&#8221;{}&#8221;][et_pb_row _builder_version=&#8221;3.26.6&#8243; global_colors_info=&#8221;{}&#8221;][et_pb_column type=&#8221;4_4&#8243; _builder_version=&#8221;3.26.6&#8243; global_colors_info=&#8221;{}&#8221;][et_pb_text _builder_version=&#8221;3.27.4&#8243; global_colors_info=&#8221;{}&#8221;]<\/p>\n<h1 class=%22post-title%22>Aviso legal y pol\u00edtica de cookies<\/h1>\n<div class=%22post-entry%22>\n<p><strong>A efectos legales \u00e9sta es una traducci\u00f3n autom\u00e1tica del <a href=%22https:\/\/ctc.dms3labs.cat\/avis-legal-politica-de-cookies\/%22>documento en catal\u00e1n<\/a>.<\/strong><\/p>\n<h2>Aviso legal<\/h2>\n<p><strong>1 . \u2013 Condiciones de uso<\/strong><\/p>\n<p>Este sitio puede contener enlaces que pueden redireccionar al usuario a otros sitios y p\u00e1ginas web gestionadas por terceras personas ajenas a Cal Ton Cruset y sobre los que Cal Ton Cruset no tiene ning\u00fan tipo de control. Cal Ton Cruset no responde ni de los contenidos ni del estado de dichos sitios y p\u00e1ginas web. Asimismo, el acceso a estos sitios y p\u00e1ginas web, a trav\u00e9s de nuestro sitio web, no implica la recomendaci\u00f3n ni la aprobaci\u00f3n de sus contenidos.<\/p>\n<p><strong>2 . \u2013 Limitaci\u00f3n de responsabilidad<\/strong><\/p>\n<p>2.1 La utilizaci\u00f3n de este sitio web se realiza por propia cuenta y riesgo del usuario.<\/p>\n<p>2.2 Cal Ton Cruset y sus personas no se responsabilizan de los errores u omisiones que pueda tener el contenido de este sitio web u otros contenidos a los que se pueda tener acceso a trav\u00e9s del mismo. Tampoco ser\u00e1n ni podr\u00e1n considerarse responsables por cualquier da\u00f1o derivado de la utilizaci\u00f3n de este sitio web, ni por cualquier actuaci\u00f3n realizada basada en la informaci\u00f3n que contiene.<\/p>\n<p>2.3 Cal Ton Cruset no garantiza la ausencia de virus u otros elementos lesivos que pudieran causar da\u00f1os o alteraciones t\u00e9cnicas en los documentos electr\u00f3nicos o ficheros del usuario. En consecuencia, Cal Ton Cruset no responde por los da\u00f1os y perjuicios que estos elementos puedan ocasionar al usuario o a terceras personas.<\/p>\n<p><strong>3 . \u2013 Derechos de Propiedad Industrial e Intelectual<\/strong><\/p>\n<p><strong>Cal Ton Cruset\u00a0<\/strong>ostenta la titularidad, y en su caso, autorizaci\u00f3n, para la leg\u00edtima utilizaci\u00f3n de los derechos derivados de Propiedad Industrial e Intelectual.<\/p>\n<p><strong>4 . \u2013 Pol\u00edtica de Privacidad<\/strong><\/p>\n<p>De acuerdo con la legislaci\u00f3n vigente en materia de protecci\u00f3n de datos personales, se informa de lo siguiente:<\/p>\n<p>4.1 En el caso de que facilite sus datos personales a trav\u00e9s del portal Cal Ton Cruset, ser\u00e1n incorporados autom\u00e1ticamente a un fichero inform\u00e1tico de titularidad y responsabilidad de\u00a0<strong>Cal Ton Cruset\u00a0<\/strong>con domicilio social en Avinguda Josep Anselm Clav\u00e9, 68, 08731 Sant Mart\u00ed Sarroca.<\/p>\n<p>4.2 Esta informaci\u00f3n que recibe\u00a0<strong>Cal Ton Cruset<\/strong>, por parte del usuario, es tratada con la m\u00e1xima confidencialidad.<\/p>\n<p>4.3 La recogida y tratamiento automatizado de sus datos personales tiene como finalidad informar de nuestros servicios o para las finalidades indicadas en los avisos correspondientes, pudiendo, asimismo, enviar cualquier tipo de informaci\u00f3n con contenidos que se consideren de su inter\u00e9s.<\/p>\n<p>4.4 Los datos personales que se faciliten ser\u00e1n comunicados a terceras personas s\u00f3lo en caso necesario y siempre cumpliendo con los requisitos dispuestos por la normativa aplicable y comunic\u00e1ndole a usted.<\/p>\n<p>4.5 \u00a0<strong>Cal Ton Cruset<\/strong>\u00a0s\u00f3lo utiliza cookies de anal\u00edtica web sin perjuicio de reservarse el derecho de modificar este criterio.<\/p>\n<p>4.6 En cualquier momento, usted tendr\u00e1 la posibilidad de ejercitar los derechos de acceso (petici\u00f3n de informaci\u00f3n sobre los datos personales), rectificaci\u00f3n o cancelaci\u00f3n (petici\u00f3n de correcci\u00f3n o supresi\u00f3n de datos personales inexactos o incorrectos) y oposici\u00f3n previstos en la Ley Org\u00e1nica de Protecci\u00f3n de Datos Personales.<\/p>\n<p>4.7 Si quiere conocer los datos personales que\u00a0<strong>Cal Ton Cruset<\/strong>\u00a0tiene almacenadas en la base de datos o si, por el contrario, no quiere que tenga ning\u00fan dato personal, puede contactar de forma personal con nosotros de la siguiente manera:<\/p>\n<p>Enviando una carta certificada por correo ordinario o un mensaje de correo electr\u00f3nico a la direcci\u00f3n:\u00a0<a href=%22mailto:info@caltoncruset.com%22>info@caltoncruset.com<\/a><\/p>\n<p>4.8\u00a0<strong>Cal Ton Cruset<\/strong> guardar\u00e1 los datos de car\u00e1cter personal recabados y adoptar\u00e1 las medidas necesarias para evitar su alteraci\u00f3n, p\u00e9rdida, tratamiento o acceso no autorizados. <strong>Cal Ton Cruset<\/strong> cumplir\u00e1 dichas obligaciones en cumplimiento de lo establecido por la normativa aplicable.<\/p>\n<p><strong>INFORMACI\u00d3N GENERAL WEB<\/strong><\/p>\n<p>Cal Ton Cruset \u2013 domicilio \u2013 Avenida Anselmo Clav\u00e9 , 68-08731 Sant Mart\u00ed Sarroca \u2013 correo electr\u00f3nico \u2013 info@caltoncruset.com \u2013 y cualquier otro dato que permita establecer comunicaci\u00f3n directa y efectiva \u2013 direcci\u00f3n f\u00edsica, antes indicada, donde remitir correo ordinario y n\u00famero de tel\u00e9fono \u2013 +34 672023148.<\/p>\n<p>N\u00famero de Identificaci\u00f3n Fiscal: 36900700Y.<\/p>\n<h2>Pol\u00edtica de cookies<\/h2>\n<p>Las cookies son archivos que se pueden descargar en su equipo a trav\u00e9s de las p\u00e1ginas web. Son herramientas que tienen un papel esencial para la prestaci\u00f3n de numerosos servicios de la sociedad de la informaci\u00f3n. Entre otros, permiten a una p\u00e1gina web almacenar y recuperar informaci\u00f3n sobre los h\u00e1bitos de navegaci\u00f3n de un usuario o de su equipo y, dependiendo de la informaci\u00f3n obtenida, se pueden utilizar para reconocer al usuario y mejorar el servicio ofrecido.<\/p>\n<p><strong>Tipos de cookies<\/strong><\/p>\n<p>Seg\u00fan quien sea la entidad que gestione el dominio desde donde se env\u00edan las cookies y trate los datos que se obtengan se pueden distinguir dos tipos: cookies propias y cookies de terceros .<\/p>\n<p>Existe tambi\u00e9n una segunda clasificaci\u00f3n seg\u00fan el plazo de tiempo que permanecen almacenadas en el navegador del cliente, pudiendo tratarse de cookies de sesi\u00f3n o cookies persistentes .<\/p>\n<p>Por \u00faltimo, existe otra clasificaci\u00f3n con cinco tipos de cookies seg\u00fan la finalidad para la que se traten los datos obtenidos: cookies t\u00e9cnicas, cookies de personalizaci\u00f3n, cookies de an\u00e1lisis, cookies publicitarias y cookies de publicidad comportamental.<\/p>\n<p>Para m\u00e1s informaci\u00f3n a este respecto puede consultar la <a href=%22http:\/\/www.interior.gob.es\/documents\/10180\/13073\/Guia_Cookies.pdf\/7c72c988-1e55-42b5-aeee-f7c46a319903%22>Gu\u00eda sobre el uso de las cookies de la Agencia Espa\u00f1ola de Protecci\u00f3n de Datos<\/a><\/p>\n<p><strong>Cookies utilizadas en la web<\/strong><\/p>\n<p>A continuaci\u00f3n se identifican las cookies que est\u00e1n siendo utilizadas en este portal as\u00ed como su tipolog\u00eda y funci\u00f3n:<\/p>\n<p>La p\u00e1gina web utiliza Google Analytics, un servicio de anal\u00edtica web desarrollado por Google, que permite la medici\u00f3n y an\u00e1lisis de la navegaci\u00f3n en las p\u00e1ginas web. En su navegador podr\u00e1 observar 4 cookies de este servicio . Seg\u00fan la tipolog\u00eda anterior se trata de cookies propias, de sesi\u00f3n y de an\u00e1lisis. Puede encontrar m\u00e1s informaci\u00f3n al respecto e inhabilitar el uso de estas <a href=%22https:\/\/policies.google.com\/technologies\/types?hl=es%22>cookies<\/a>.<\/p>\n<p>A trav\u00e9s de la anal\u00edtica web se obtiene informaci\u00f3n relativa al n\u00famero de usuarios que acceden a la web, el n\u00famero de p\u00e1ginas vistas, la frecuencia y repetici\u00f3n de las visitas, su duraci\u00f3n, el navegador utilizado, el operador que presta el servicio, el idioma, el terminal que utiliza, o la ciudad a la que est\u00e1 asignada su direcci\u00f3n IP. Informaci\u00f3n que posibilita un mejor y m\u00e1s apropiado servicio por parte de este portal.<\/p>\n<p>Por \u00faltimo, se descarga una cookie de tipo t\u00e9cnico denominada cookies_policy , propia, de tipo t\u00e9cnico y de sesi\u00f3n. Gestiona el consentimiento del usuario para el uso de las cookies en la p\u00e1gina web, con el objeto de recordar aquellos usuarios que las han aceptado y aquellos que no, de modo que a los primeros no se les muestre informaci\u00f3n en la parte superior de la p\u00e1gina al respecto.<\/p>\n<p><strong>Aceptaci\u00f3n de la Pol\u00edtica de cookies<\/strong><\/p>\n<p><strong>Cal Ton Cruset<\/strong> usted acepta el uso de cookies. Sin embargo,\u00a0<strong>Cal Ton Cruset\u00a0<\/strong>muestra informaci\u00f3n sobre su Pol\u00edtica de cookies en la parte superior de cualquier p\u00e1gina del portal con cada inicio de sesi\u00f3n con el objeto de que usted sea consciente.<\/p>\n<p>Ante esta informaci\u00f3n es posible llevar a cabo las siguientes acciones:<\/p>\n<ul>\n<li><strong>Aceptar cookies:\u00a0<\/strong>No se volver\u00e1 a visualizar este aviso al acceder a cualquier p\u00e1gina del portal durante la presente sesi\u00f3n.<\/li>\n<li><strong>Cerrar:\u00a0<\/strong>Se oculta el aviso en la presente p\u00e1gina.<\/li>\n<li><strong>Modificar su configuraci\u00f3n.<\/strong> Podr\u00e1 obtener m\u00e1s informaci\u00f3n sobre qu\u00e9 son las cookies, conocer la Pol\u00edtica de cookies del Ministerio y modificar la configuraci\u00f3n de su navegador.<\/li>\n<\/ul>\n<p><strong>C\u00f3mo modificar la configuraci\u00f3n de las cookies<\/strong><\/p>\n<p>Usted puede restringir, bloquear o borrar las cookies de cualquier p\u00e1gina web, utilizando su navegador. En cada navegador la operativa es diferente, la funci\u00f3n de \u2018Ayuda\u00bb le mostrar\u00e1 c\u00f3mo hacerlo.<\/p>\n<ul>\n<li><a href=\"\/\/www.google.es\/intl\/ca\/policies\/technologies\/managing\/%22\" target=\"%22_blank%22\" rel=\"%22noopener noopener\">Chrome<\/a><\/li>\n<li><a href=\"\/\/support.mozilla.org\/ca\/kb\/Galetes%22\" target=\"%22_blank%22\" rel=\"%22noopener noopener\">Firefox<\/a><\/li>\n<li><a href=\"\/\/windows.microsoft.com\/es-es\/windows7\/how-to-manage-cookies-in-internet-explorer-9%22\" target=\"%22_blank%22\" rel=\"%22noopener noopener\">Internet Explorer<\/a>\u00a0(Espa\u00f1ol)<\/li>\n<li><a href=\"\/\/support.apple.com\/kb\/ph5042%22\" target=\"%22_blank%22\" rel=\"%22noopener noopener\">Safari<\/a>\u00a0(Ingl\u00e9s)<\/li>\n<\/ul>\n<p>Adem\u00e1s, tambi\u00e9n puede gestionar el almac\u00e9n de <em>cookies<\/em> en su navegador a trav\u00e9s de herramientas como las siguientes:<\/p>\n<p>Ghostery:\u00a0<a href=\"\/\/www.ghostery.com\/%22\" target=\"%22_blank%22\" rel=\"%22noopener noopener\"><strong>www.ghostery.com\/<\/strong><\/a><br \/>\nYour online choices:\u00a0<a href=\"\/\/www.youronlinechoices.com\/es\/%22\" target=\"%22_blank%22\" rel=\"%22noopener noopener\"><strong>www.youronlinechoices.com\/es\/<\/strong><\/a><\/p>\n<\/div>\n<p>[\/et_pb_text][\/et_pb_column][\/et_pb_row][\/et_pb_section]<\/p>\n","protected":false},"excerpt":{"rendered":"<p>Aviso legal y pol\u00edtica de cookies A efectos legales \u00e9sta es una traducci\u00f3n autom\u00e1tica del documento en catal\u00e1n. Aviso legal 1 . \u2013 Condiciones de uso Este sitio puede contener enlaces que pueden redireccionar al usuario a otros sitios y p\u00e1ginas web gestionadas por terceras personas ajenas a Cal Ton Cruset y sobre los que [&hellip;]<\/p>\n","protected":false},"author":4,"featured_media":0,"parent":0,"menu_order":0,"comment_status":"closed","ping_status":"closed","template":"","meta":{"_et_pb_use_builder":"on","_et_pb_old_content":"","_et_gb_content_width":"","footnotes":""},"class_list":["post-687","page","type-page","status-publish","hentry"],"_links":{"self":[{"href":"https:\/\/caltoncruset.com\/es\/wp-json\/wp\/v2\/pages\/687","targetHints":{"allow":["GET"]}}],"collection":[{"href":"https:\/\/caltoncruset.com\/es\/wp-json\/wp\/v2\/pages"}],"about":[{"href":"https:\/\/caltoncruset.com\/es\/wp-json\/wp\/v2\/types\/page"}],"author":[{"embeddable":true,"href":"https:\/\/caltoncruset.com\/es\/wp-json\/wp\/v2\/users\/4"}],"replies":[{"embeddable":true,"href":"https:\/\/caltoncruset.com\/es\/wp-json\/wp\/v2\/comments?post=687"}],"version-history":[{"count":0,"href":"https:\/\/caltoncruset.com\/es\/wp-json\/wp\/v2\/pages\/687\/revisions"}],"wp:attachment":[{"href":"https:\/\/caltoncruset.com\/es\/wp-json\/wp\/v2\/media?parent=687"}],"curies":[{"name":"wp","href":"https:\/\/api.w.org\/{rel}","templated":true}]}}